{"id":9035,"date":"2026-03-16T10:13:03","date_gmt":"2026-03-16T09:13:03","guid":{"rendered":"https:\/\/www.biotope-environnement.be\/?page_id=9035"},"modified":"2026-03-20T14:21:47","modified_gmt":"2026-03-20T13:21:47","slug":"alliance-for-nature","status":"publish","type":"page","link":"https:\/\/www.biotope-environnement.be\/fr\/alliance-for-nature\/","title":{"rendered":"Alliance for nature"},"content":{"rendered":"<div class=\"wpb-content-wrapper\"><p>[vc_row css_animation=\u00a0\u00bb\u00a0\u00bb row_type=\u00a0\u00bbrow\u00a0\u00bb use_row_as_full_screen_section=\u00a0\u00bbno\u00a0\u00bb type=\u00a0\u00bbfull_width\u00a0\u00bb angled_section=\u00a0\u00bbno\u00a0\u00bb text_align=\u00a0\u00bbleft\u00a0\u00bb background_image_as_pattern=\u00a0\u00bbwithout_pattern\u00a0\u00bb z_index=\u00a0\u00bb\u00a0\u00bb css=\u00a0\u00bb.vc_custom_1592829695521{background-color: #f2efee !important;}\u00a0\u00bb][vc_column][qode_elements_holder number_of_columns=\u00a0\u00bbtwo_columns\u00a0\u00bb columns_proportion=\u00a0\u00bb66_33&Prime;][qode_elements_holder_item advanced_animations=\u00a0\u00bbno\u00a0\u00bb][vc_single_image image=\u00a0\u00bb9038&Prime; img_size=\u00a0\u00bbfull\u00a0\u00bb css=\u00a0\u00bb\u00a0\u00bb qode_css_animation=\u00a0\u00bb\u00a0\u00bb][\/qode_elements_holder_item][qode_elements_holder_item vertical_alignment=\u00a0\u00bbmiddle\u00a0\u00bb advanced_animations=\u00a0\u00bbno\u00a0\u00bb item_padding=\u00a0\u00bb10%\u00a0\u00bb][vc_column_text css=\u00a0\u00bb\u00a0\u00bb]<\/p>\n<h1>Biotope Environnement &amp; Alliance for Nature<\/h1>\n<p>[\/vc_column_text][vc_separator type=\u00a0\u00bbnormal\u00a0\u00bb color=\u00a0\u00bb#008f3b\u00a0\u00bb thickness=\u00a0\u00bb5&Prime; up=\u00a0\u00bb10&Prime; down=\u00a0\u00bb20&Prime;][\/qode_elements_holder_item][\/qode_elements_holder][\/vc_column][\/vc_row][vc_row css_animation=\u00a0\u00bb\u00a0\u00bb row_type=\u00a0\u00bbrow\u00a0\u00bb use_row_as_full_screen_section=\u00a0\u00bbno\u00a0\u00bb type=\u00a0\u00bbgrid\u00a0\u00bb angled_section=\u00a0\u00bbno\u00a0\u00bb text_align=\u00a0\u00bbleft\u00a0\u00bb background_image_as_pattern=\u00a0\u00bbwithout_pattern\u00a0\u00bb z_index=\u00a0\u00bb\u00a0\u00bb css=\u00a0\u00bb.vc_custom_1773652417565{padding-top: 5% !important;padding-bottom: 4% !important;}\u00a0\u00bb][vc_column css_animation=\u00a0\u00bbfadeInLeft\u00a0\u00bb width=\u00a0\u00bb2\/3&Prime;][vc_column_text css=\u00a0\u00bb\u00a0\u00bb]<\/p>\n<h2>S&rsquo;unir pour maximiser notre impact sur la biodiversit\u00e9.<\/h2>\n<p>[\/vc_column_text][vc_separator type=\u00a0\u00bbnormal\u00a0\u00bb color=\u00a0\u00bb#008f3b\u00a0\u00bb thickness=\u00a0\u00bb5&Prime; up=\u00a0\u00bb10&Prime; down=\u00a0\u00bb20&Prime;][vc_column_text css=\u00a0\u00bb\u00a0\u00bb]<strong>\u00ab\u00a0Alliance for Nature\u00a0\u00bb<\/strong>, c\u2019est l\u2019alliance de plusieurs soci\u00e9t\u00e9s ind\u00e9pendantes, unies par des valeurs communes et une ambition forte, celle de maximiser leur impact positif sur la biodiversit\u00e9 et la nature.<br \/>\nLeur collaboration permet de d\u00e9velopper des synergies interdisciplinaires qui favorisent l&rsquo;innovation en solutions environnementales si pr\u00e9cieuses dans le cadre de la conservation et de la protection des ressources pour les g\u00e9n\u00e9rations futures &#8230;[\/vc_column_text][\/vc_column][vc_column width=\u00a0\u00bb1\/3&Prime;][vc_empty_space height=\u00a0\u00bb20px\u00a0\u00bb][vc_single_image image=\u00a0\u00bb9044&Prime; img_size=\u00a0\u00bbmedium\u00a0\u00bb alignment=\u00a0\u00bbcenter\u00a0\u00bb onclick=\u00a0\u00bbcustom_link\u00a0\u00bb css=\u00a0\u00bb\u00a0\u00bb qode_css_animation=\u00a0\u00bb\u00a0\u00bb link=\u00a0\u00bbhttps:\/\/alliance-for-nature.com\/\u00a0\u00bb]<blockquote class=' with_quote_icon' style=''><i class='fa fa-quote-right' style='color: #1D9DAC;'><\/i><h5 class='blockquote-text' style='color: #1D9DAC;'>Biotope Environnement se devait de participer \u00e0 cette belle mission en mettant \u00e0 contribution son expertise !<\/h5><\/blockquote>[\/vc_column][\/vc_row][vc_row css_animation=\u00a0\u00bb\u00a0\u00bb row_type=\u00a0\u00bbrow\u00a0\u00bb use_row_as_full_screen_section=\u00a0\u00bbno\u00a0\u00bb type=\u00a0\u00bbfull_width\u00a0\u00bb angled_section=\u00a0\u00bbno\u00a0\u00bb text_align=\u00a0\u00bbleft\u00a0\u00bb background_image_as_pattern=\u00a0\u00bbwithout_pattern\u00a0\u00bb css=\u00a0\u00bb.vc_custom_1602507536249{padding-top: 3% !important;padding-right: 20px !important;padding-bottom: 3% !important;padding-left: 20px !important;background-color: #003e47 !important;}\u00a0\u00bb z_index=\u00a0\u00bb\u00a0\u00bb el_class=\u00a0\u00bbfond-biotope2&Prime;][vc_column css_animation=\u00a0\u00bbappear\u00a0\u00bb][qode_elements_holder number_of_columns=\u00a0\u00bbone_column\u00a0\u00bb][qode_elements_holder_item horizontal_alignment=\u00a0\u00bbcenter\u00a0\u00bb advanced_animations=\u00a0\u00bbno\u00a0\u00bb][vc_column_text css=\u00a0\u00bb\u00a0\u00bb]<\/p>\n<h3 style=\"text-align: center; color: #fff;\">Visiter le site<\/h3>\n<p>[\/vc_column_text][vc_empty_space height=\u00a0\u00bb20px\u00a0\u00bb]<a  itemprop=\"url\" href=\"https:\/\/alliance-for-nature.com\/about\/\" target=\"_self\" data-hover-background-color=\"#1D9DAC\" data-hover-border-color=\"#1D9DAC\" class=\"qbutton  default\" style=\"color: #ffffff; border-color: #ffffff; \">D\u00e9couvrir Alliance for Nature<\/a>[\/qode_elements_holder_item][\/qode_elements_holder][\/vc_column][\/vc_row][vc_row css_animation=\u00a0\u00bb\u00a0\u00bb row_type=\u00a0\u00bbrow\u00a0\u00bb use_row_as_full_screen_section=\u00a0\u00bbno\u00a0\u00bb type=\u00a0\u00bbfull_width\u00a0\u00bb angled_section=\u00a0\u00bbno\u00a0\u00bb text_align=\u00a0\u00bbleft\u00a0\u00bb background_image_as_pattern=\u00a0\u00bbwithout_pattern\u00a0\u00bb][vc_column][vc_single_image image=\u00a0\u00bb9067&Prime; img_size=\u00a0\u00bbfull\u00a0\u00bb alignment=\u00a0\u00bbcenter\u00a0\u00bb onclick=\u00a0\u00bbcustom_link\u00a0\u00bb img_link_target=\u00a0\u00bb_blank\u00a0\u00bb css=\u00a0\u00bb.vc_custom_1774012860002{margin-right: 0px !important;margin-left: 0px !important;border-right-width: 0px !important;border-left-width: 0px !important;padding-right: 0px !important;padding-left: 0px !important;background-position: center !important;background-repeat: no-repeat !important;background-size: cover !important;}\u00a0\u00bb qode_css_animation=\u00a0\u00bb\u00a0\u00bb link=\u00a0\u00bbhttps:\/\/alliance-for-nature.com\/services\/\u00a0\u00bb][\/vc_column][\/vc_row]<\/p>\n<\/div>","protected":false},"excerpt":{"rendered":"<p>[vc_row css_animation=\u00a0\u00bb\u00a0\u00bb row_type=\u00a0\u00bbrow\u00a0\u00bb use_row_as_full_screen_section=\u00a0\u00bbno\u00a0\u00bb type=\u00a0\u00bbfull_width\u00a0\u00bb angled_section=\u00a0\u00bbno\u00a0\u00bb text_align=\u00a0\u00bbleft\u00a0\u00bb background_image_as_pattern=\u00a0\u00bbwithout_pattern\u00a0\u00bb z_index=\u00a0\u00bb\u00a0\u00bb css=\u00a0\u00bb.vc_custom_1592829695521{background-color: #f2efee !important;}\u00a0\u00bb][vc_column][qode_elements_holder number_of_columns=\u00a0\u00bbtwo_columns\u00a0\u00bb columns_proportion=\u00a0\u00bb66_33&Prime;][qode_elements_holder_item advanced_animations=\u00a0\u00bbno\u00a0\u00bb][vc_single_image image=\u00a0\u00bb9038&Prime; img_size=\u00a0\u00bbfull\u00a0\u00bb css=\u00a0\u00bb\u00a0\u00bb qode_css_animation=\u00a0\u00bb\u00a0\u00bb][\/qode_elements_holder_item][qode_elements_holder_item vertical_alignment=\u00a0\u00bbmiddle\u00a0\u00bb advanced_animations=\u00a0\u00bbno\u00a0\u00bb item_padding=\u00a0\u00bb10%\u00a0\u00bb][vc_column_text css=\u00a0\u00bb\u00a0\u00bb] Biotope Environnement &amp; Alliance for Nature [\/vc_column_text][vc_separator type=\u00a0\u00bbnormal\u00a0\u00bb color=\u00a0\u00bb#008f3b\u00a0\u00bb thickness=\u00a0\u00bb5&Prime; up=\u00a0\u00bb10&Prime; down=\u00a0\u00bb20&Prime;][\/qode_elements_holder_item][\/qode_elements_holder][\/vc_column][\/vc_row][vc_row css_animation=\u00a0\u00bb\u00a0\u00bb row_type=\u00a0\u00bbrow\u00a0\u00bb use_row_as_full_screen_section=\u00a0\u00bbno\u00a0\u00bb type=\u00a0\u00bbgrid\u00a0\u00bb angled_section=\u00a0\u00bbno\u00a0\u00bb text_align=\u00a0\u00bbleft\u00a0\u00bb background_image_as_pattern=\u00a0\u00bbwithout_pattern\u00a0\u00bb z_index=\u00a0\u00bb\u00a0\u00bb css=\u00a0\u00bb.vc_custom_1773652417565{padding-top: 5%&#8230;<\/p>\n","protected":false},"author":1,"featured_media":0,"parent":0,"menu_order":0,"comment_status":"closed","ping_status":"closed","template":"full_width.php","meta":{"footnotes":""},"class_list":["post-9035","page","type-page","status-publish","hentry"],"yoast_head":"<!-- This site is optimized with the Yoast SEO plugin v27.6 - https:\/\/yoast.com\/product\/yoast-seo-wordpress\/ -->\n<title>Alliance for nature - Biotope Environnement<\/title>\n<meta name=\"robots\" content=\"index, follow, max-snippet:-1, max-image-preview:large, max-video-preview:-1\" \/>\n<link rel=\"canonical\" href=\"https:\/\/www.biotope-environnement.be\/fr\/alliance-for-nature\/\" \/>\n<meta property=\"og:locale\" content=\"fr_FR\" \/>\n<meta property=\"og:type\" content=\"article\" \/>\n<meta property=\"og:title\" content=\"Alliance for nature - Biotope Environnement\" \/>\n<meta property=\"og:description\" content=\"[vc_row css_animation=\u00a0\u00bb\u00a0\u00bb row_type=\u00a0\u00bbrow\u00a0\u00bb use_row_as_full_screen_section=\u00a0\u00bbno\u00a0\u00bb type=\u00a0\u00bbfull_width\u00a0\u00bb angled_section=\u00a0\u00bbno\u00a0\u00bb text_align=\u00a0\u00bbleft\u00a0\u00bb background_image_as_pattern=\u00a0\u00bbwithout_pattern\u00a0\u00bb z_index=\u00a0\u00bb\u00a0\u00bb css=\u00a0\u00bb.vc_custom_1592829695521{background-color: #f2efee !important;}\u00a0\u00bb][vc_column][qode_elements_holder number_of_columns=\u00a0\u00bbtwo_columns\u00a0\u00bb columns_proportion=\u00a0\u00bb66_33&Prime;][qode_elements_holder_item advanced_animations=\u00a0\u00bbno\u00a0\u00bb][vc_single_image image=\u00a0\u00bb9038&Prime; img_size=\u00a0\u00bbfull\u00a0\u00bb css=\u00a0\u00bb\u00a0\u00bb qode_css_animation=\u00a0\u00bb\u00a0\u00bb][\/qode_elements_holder_item][qode_elements_holder_item vertical_alignment=\u00a0\u00bbmiddle\u00a0\u00bb advanced_animations=\u00a0\u00bbno\u00a0\u00bb item_padding=\u00a0\u00bb10%\u00a0\u00bb][vc_column_text css=\u00a0\u00bb\u00a0\u00bb] Biotope Environnement &amp; Alliance for Nature [\/vc_column_text][vc_separator type=\u00a0\u00bbnormal\u00a0\u00bb color=\u00a0\u00bb#008f3b\u00a0\u00bb thickness=\u00a0\u00bb5&Prime; up=\u00a0\u00bb10&Prime; down=\u00a0\u00bb20&Prime;][\/qode_elements_holder_item][\/qode_elements_holder][\/vc_column][\/vc_row][vc_row css_animation=\u00a0\u00bb\u00a0\u00bb row_type=\u00a0\u00bbrow\u00a0\u00bb use_row_as_full_screen_section=\u00a0\u00bbno\u00a0\u00bb type=\u00a0\u00bbgrid\u00a0\u00bb angled_section=\u00a0\u00bbno\u00a0\u00bb text_align=\u00a0\u00bbleft\u00a0\u00bb background_image_as_pattern=\u00a0\u00bbwithout_pattern\u00a0\u00bb z_index=\u00a0\u00bb\u00a0\u00bb css=\u00a0\u00bb.vc_custom_1773652417565{padding-top: 5%...\" \/>\n<meta property=\"og:url\" content=\"https:\/\/www.biotope-environnement.be\/fr\/alliance-for-nature\/\" \/>\n<meta property=\"og:site_name\" content=\"Biotope Environnement\" \/>\n<meta property=\"article:modified_time\" content=\"2026-03-20T13:21:47+00:00\" \/>\n<meta name=\"twitter:card\" content=\"summary_large_image\" \/>\n<meta name=\"twitter:label1\" content=\"Dur\u00e9e de lecture estim\u00e9e\" \/>\n\t<meta name=\"twitter:data1\" content=\"2 minutes\" \/>\n<script type=\"application\/ld+json\" class=\"yoast-schema-graph\">{\"@context\":\"https:\\\/\\\/schema.org\",\"@graph\":[{\"@type\":\"WebPage\",\"@id\":\"https:\\\/\\\/www.biotope-environnement.be\\\/fr\\\/alliance-for-nature\\\/\",\"url\":\"https:\\\/\\\/www.biotope-environnement.be\\\/fr\\\/alliance-for-nature\\\/\",\"name\":\"Alliance for nature - Biotope Environnement\",\"isPartOf\":{\"@id\":\"http:\\\/\\\/www.biotope-environnement.be\\\/nl\\\/#website\"},\"datePublished\":\"2026-03-16T09:13:03+00:00\",\"dateModified\":\"2026-03-20T13:21:47+00:00\",\"breadcrumb\":{\"@id\":\"https:\\\/\\\/www.biotope-environnement.be\\\/fr\\\/alliance-for-nature\\\/#breadcrumb\"},\"inLanguage\":\"fr-FR\",\"potentialAction\":[{\"@type\":\"ReadAction\",\"target\":[\"https:\\\/\\\/www.biotope-environnement.be\\\/fr\\\/alliance-for-nature\\\/\"]}]},{\"@type\":\"BreadcrumbList\",\"@id\":\"https:\\\/\\\/www.biotope-environnement.be\\\/fr\\\/alliance-for-nature\\\/#breadcrumb\",\"itemListElement\":[{\"@type\":\"ListItem\",\"position\":1,\"name\":\"Accueil\",\"item\":\"https:\\\/\\\/www.biotope-environnement.be\\\/fr\\\/\"},{\"@type\":\"ListItem\",\"position\":2,\"name\":\"Alliance for nature\"}]},{\"@type\":\"WebSite\",\"@id\":\"http:\\\/\\\/www.biotope-environnement.be\\\/nl\\\/#website\",\"url\":\"http:\\\/\\\/www.biotope-environnement.be\\\/nl\\\/\",\"name\":\"Biotope Environnement\",\"description\":\"La biodiversit\u00e9 au c\u0153ur de vos projets.\",\"publisher\":{\"@id\":\"http:\\\/\\\/www.biotope-environnement.be\\\/nl\\\/#organization\"},\"potentialAction\":[{\"@type\":\"SearchAction\",\"target\":{\"@type\":\"EntryPoint\",\"urlTemplate\":\"http:\\\/\\\/www.biotope-environnement.be\\\/nl\\\/?s={search_term_string}\"},\"query-input\":{\"@type\":\"PropertyValueSpecification\",\"valueRequired\":true,\"valueName\":\"search_term_string\"}}],\"inLanguage\":\"fr-FR\"},{\"@type\":\"Organization\",\"@id\":\"http:\\\/\\\/www.biotope-environnement.be\\\/nl\\\/#organization\",\"name\":\"Biotope Environnement\",\"url\":\"http:\\\/\\\/www.biotope-environnement.be\\\/nl\\\/\",\"logo\":{\"@type\":\"ImageObject\",\"inLanguage\":\"fr-FR\",\"@id\":\"http:\\\/\\\/www.biotope-environnement.be\\\/nl\\\/#\\\/schema\\\/logo\\\/image\\\/\",\"url\":\"https:\\\/\\\/www.biotope-environnement.be\\\/wp-content\\\/uploads\\\/2020\\\/06\\\/Biotope-Environnement_Sf-150.png\",\"contentUrl\":\"https:\\\/\\\/www.biotope-environnement.be\\\/wp-content\\\/uploads\\\/2020\\\/06\\\/Biotope-Environnement_Sf-150.png\",\"width\":150,\"height\":138,\"caption\":\"Biotope Environnement\"},\"image\":{\"@id\":\"http:\\\/\\\/www.biotope-environnement.be\\\/nl\\\/#\\\/schema\\\/logo\\\/image\\\/\"}}]}<\/script>\n<!-- \/ Yoast SEO plugin. -->","yoast_head_json":{"title":"Alliance for nature - Biotope Environnement","robots":{"index":"index","follow":"follow","max-snippet":"max-snippet:-1","max-image-preview":"max-image-preview:large","max-video-preview":"max-video-preview:-1"},"canonical":"https:\/\/www.biotope-environnement.be\/fr\/alliance-for-nature\/","og_locale":"fr_FR","og_type":"article","og_title":"Alliance for nature - Biotope Environnement","og_description":"[vc_row css_animation=\u00a0\u00bb\u00a0\u00bb row_type=\u00a0\u00bbrow\u00a0\u00bb use_row_as_full_screen_section=\u00a0\u00bbno\u00a0\u00bb type=\u00a0\u00bbfull_width\u00a0\u00bb angled_section=\u00a0\u00bbno\u00a0\u00bb text_align=\u00a0\u00bbleft\u00a0\u00bb background_image_as_pattern=\u00a0\u00bbwithout_pattern\u00a0\u00bb z_index=\u00a0\u00bb\u00a0\u00bb css=\u00a0\u00bb.vc_custom_1592829695521{background-color: #f2efee !important;}\u00a0\u00bb][vc_column][qode_elements_holder number_of_columns=\u00a0\u00bbtwo_columns\u00a0\u00bb columns_proportion=\u00a0\u00bb66_33&Prime;][qode_elements_holder_item advanced_animations=\u00a0\u00bbno\u00a0\u00bb][vc_single_image image=\u00a0\u00bb9038&Prime; img_size=\u00a0\u00bbfull\u00a0\u00bb css=\u00a0\u00bb\u00a0\u00bb qode_css_animation=\u00a0\u00bb\u00a0\u00bb][\/qode_elements_holder_item][qode_elements_holder_item vertical_alignment=\u00a0\u00bbmiddle\u00a0\u00bb advanced_animations=\u00a0\u00bbno\u00a0\u00bb item_padding=\u00a0\u00bb10%\u00a0\u00bb][vc_column_text css=\u00a0\u00bb\u00a0\u00bb] Biotope Environnement &amp; Alliance for Nature [\/vc_column_text][vc_separator type=\u00a0\u00bbnormal\u00a0\u00bb color=\u00a0\u00bb#008f3b\u00a0\u00bb thickness=\u00a0\u00bb5&Prime; up=\u00a0\u00bb10&Prime; down=\u00a0\u00bb20&Prime;][\/qode_elements_holder_item][\/qode_elements_holder][\/vc_column][\/vc_row][vc_row css_animation=\u00a0\u00bb\u00a0\u00bb row_type=\u00a0\u00bbrow\u00a0\u00bb use_row_as_full_screen_section=\u00a0\u00bbno\u00a0\u00bb type=\u00a0\u00bbgrid\u00a0\u00bb angled_section=\u00a0\u00bbno\u00a0\u00bb text_align=\u00a0\u00bbleft\u00a0\u00bb background_image_as_pattern=\u00a0\u00bbwithout_pattern\u00a0\u00bb z_index=\u00a0\u00bb\u00a0\u00bb css=\u00a0\u00bb.vc_custom_1773652417565{padding-top: 5%...","og_url":"https:\/\/www.biotope-environnement.be\/fr\/alliance-for-nature\/","og_site_name":"Biotope Environnement","article_modified_time":"2026-03-20T13:21:47+00:00","twitter_card":"summary_large_image","twitter_misc":{"Dur\u00e9e de lecture estim\u00e9e":"2 minutes"},"schema":{"@context":"https:\/\/schema.org","@graph":[{"@type":"WebPage","@id":"https:\/\/www.biotope-environnement.be\/fr\/alliance-for-nature\/","url":"https:\/\/www.biotope-environnement.be\/fr\/alliance-for-nature\/","name":"Alliance for nature - Biotope Environnement","isPartOf":{"@id":"https:\/\/www.biotope-environnement.be\/nl\/#website"},"datePublished":"2026-03-16T09:13:03+00:00","dateModified":"2026-03-20T13:21:47+00:00","breadcrumb":{"@id":"https:\/\/www.biotope-environnement.be\/fr\/alliance-for-nature\/#breadcrumb"},"inLanguage":"fr-FR","potentialAction":[{"@type":"ReadAction","target":["https:\/\/www.biotope-environnement.be\/fr\/alliance-for-nature\/"]}]},{"@type":"BreadcrumbList","@id":"https:\/\/www.biotope-environnement.be\/fr\/alliance-for-nature\/#breadcrumb","itemListElement":[{"@type":"ListItem","position":1,"name":"Accueil","item":"https:\/\/www.biotope-environnement.be\/fr\/"},{"@type":"ListItem","position":2,"name":"Alliance for nature"}]},{"@type":"WebSite","@id":"https:\/\/www.biotope-environnement.be\/nl\/#website","url":"https:\/\/www.biotope-environnement.be\/nl\/","name":"Biotope Environnement","description":"La biodiversit\u00e9 au c\u0153ur de vos projets.","publisher":{"@id":"https:\/\/www.biotope-environnement.be\/nl\/#organization"},"potentialAction":[{"@type":"SearchAction","target":{"@type":"EntryPoint","urlTemplate":"https:\/\/www.biotope-environnement.be\/nl\/?s={search_term_string}"},"query-input":{"@type":"PropertyValueSpecification","valueRequired":true,"valueName":"search_term_string"}}],"inLanguage":"fr-FR"},{"@type":"Organization","@id":"https:\/\/www.biotope-environnement.be\/nl\/#organization","name":"Biotope Environnement","url":"https:\/\/www.biotope-environnement.be\/nl\/","logo":{"@type":"ImageObject","inLanguage":"fr-FR","@id":"https:\/\/www.biotope-environnement.be\/nl\/#\/schema\/logo\/image\/","url":"https:\/\/www.biotope-environnement.be\/wp-content\/uploads\/2020\/06\/Biotope-Environnement_Sf-150.png","contentUrl":"https:\/\/www.biotope-environnement.be\/wp-content\/uploads\/2020\/06\/Biotope-Environnement_Sf-150.png","width":150,"height":138,"caption":"Biotope Environnement"},"image":{"@id":"https:\/\/www.biotope-environnement.be\/nl\/#\/schema\/logo\/image\/"}}]}},"_links":{"self":[{"href":"https:\/\/www.biotope-environnement.be\/fr\/wp-json\/wp\/v2\/pages\/9035","targetHints":{"allow":["GET"]}}],"collection":[{"href":"https:\/\/www.biotope-environnement.be\/fr\/wp-json\/wp\/v2\/pages"}],"about":[{"href":"https:\/\/www.biotope-environnement.be\/fr\/wp-json\/wp\/v2\/types\/page"}],"author":[{"embeddable":true,"href":"https:\/\/www.biotope-environnement.be\/fr\/wp-json\/wp\/v2\/users\/1"}],"replies":[{"embeddable":true,"href":"https:\/\/www.biotope-environnement.be\/fr\/wp-json\/wp\/v2\/comments?post=9035"}],"version-history":[{"count":19,"href":"https:\/\/www.biotope-environnement.be\/fr\/wp-json\/wp\/v2\/pages\/9035\/revisions"}],"predecessor-version":[{"id":9105,"href":"https:\/\/www.biotope-environnement.be\/fr\/wp-json\/wp\/v2\/pages\/9035\/revisions\/9105"}],"wp:attachment":[{"href":"https:\/\/www.biotope-environnement.be\/fr\/wp-json\/wp\/v2\/media?parent=9035"}],"curies":[{"name":"wp","href":"https:\/\/api.w.org\/{rel}","templated":true}]}}