{"id":313,"date":"2020-06-23T13:25:12","date_gmt":"2020-06-23T11:25:12","guid":{"rendered":"http:\/\/biotope-environnement.inst-biotope-filiales.maninwan.fr\/?page_id=313"},"modified":"2020-11-12T14:21:40","modified_gmt":"2020-11-12T13:21:40","slug":"mentions-legales","status":"publish","type":"page","link":"https:\/\/www.biotope-environnement.be\/fr\/mentions-legales\/","title":{"rendered":"Mentions l\u00e9gales"},"content":{"rendered":"<div class=\"wpb-content-wrapper\"><p>[vc_row css_animation=\u00a0\u00bb\u00a0\u00bb row_type=\u00a0\u00bbrow\u00a0\u00bb use_row_as_full_screen_section=\u00a0\u00bbno\u00a0\u00bb type=\u00a0\u00bbfull_width\u00a0\u00bb angled_section=\u00a0\u00bbno\u00a0\u00bb text_align=\u00a0\u00bbleft\u00a0\u00bb background_image_as_pattern=\u00a0\u00bbwithout_pattern\u00a0\u00bb][vc_column][vc_column_text]<\/p>\n<h1>Mentions l\u00e9gales et conditions g\u00e9n\u00e9rales d&rsquo;utilisation<\/h1>\n<div class=\"separator normal \" style=\"margin-top: 10px; margin-bottom: 20px; background-color: #008f3b; height: 5px;\"><\/div>\n<p>&nbsp;<\/p>\n<h6><strong>PR\u00c9SENTATION DU SITE INTERNET<\/strong><\/h6>\n<p>En vertu de l\u2019article 6 de la loi n\u00b0 2004-575 du 21 juin 2004 pour la confiance dans l\u2019\u00e9conomie num\u00e9rique, il est pr\u00e9cis\u00e9 aux utilisateurs du site Internet\u00a0<a href=\"https:\/\/www.biotope-environnement.be\">https:\/\/www.biotope-environnement.be<\/a> \u00a0\u00a0l\u2019identit\u00e9 des diff\u00e9rents intervenants dans le cadre de sa r\u00e9alisation et de son suivi :<\/p>\n<p><strong>D\u00e9nomination sociale<\/strong> : BIOTOPE ENVIRONNEMENT SA \u2013 Num\u00e9ro d\u2019entreprise\u00a0(BCE) : BE0653.939.851 &#8211; Sigle : une libellule \u2013 Forme juridique : soci\u00e9t\u00e9 anonyme (sa) \u2013Num\u00e9ro de TVA intra-communautaire : BE0653.939.851 \u00a0\u2013 Adresse du si\u00e8ge : 34 rue de Habay \u2013 6741 VANCE \u2013 BELGIQUE \u2013Date de cl\u00f4ture de l\u2019exercice : 31 d\u00e9cembre<\/p>\n<p><strong>Responsable de publication et de r\u00e9daction\u00a0:<\/strong> Julien RENGLET<\/p>\n<p><strong>Webmaster\u00a0<\/strong>: Celia Balanche cbalanche@biotope.fr<\/p>\n<p><strong>D\u00e9veloppement\u00a0:<\/strong> Keole\u00a0 <a href=\"https:\/\/www.keole.net\">https:\/\/www.keole.net<\/a> \u2013 86 Rue Pierre et Marie Curie, 34430 Saint-Jean-de-V\u00e9das \u2013 <a href=\"https:\/\/www.google.com\/search?client=safari&amp;rls=en&amp;q=keole&amp;ie=UTF-8&amp;oe=UTF-8\">09 72 58 69 96<\/a><\/p>\n<p><strong>H\u00e9bergeur\u00a0:<\/strong> Keole <a href=\"https:\/\/www.keole.net\">https:\/\/www.keole.net<\/a> \u2013 86 Rue Pierre et Marie Curie, 34430 Saint-Jean-de-V\u00e9das \u2013 <a href=\"https:\/\/www.google.com\/search?client=safari&amp;rls=en&amp;q=keole&amp;ie=UTF-8&amp;oe=UTF-8\">09 72 58 69 96<\/a><\/p>\n<p>&nbsp;<\/p>\n<h6><strong>CONDITIONS GENERALES D\u2019UTILISATION DU SITE ET DES SERVICES PROPOSES<\/strong><\/h6>\n<p>Le Site constitue une \u0153uvre de l\u2019esprit prot\u00e9g\u00e9e par les dispositions du Code de la Propri\u00e9t\u00e9 Intellectuelle et des R\u00e9glementations Internationales applicables. Le Client ne peut en aucune mani\u00e8re r\u00e9utiliser, c\u00e9der ou exploiter pour son propre compte tout ou partie des \u00e9l\u00e9ments ou travaux du Site.<\/p>\n<p>L\u2019utilisation du site\u00a0<a href=\"https:\/\/www.biotope-environnement.be\">https:\/\/www.biotope-environnement.be<\/a>\u00a0implique l\u2019acceptation pleine et enti\u00e8re des conditions g\u00e9n\u00e9rales d\u2019utilisation ci-apr\u00e8s d\u00e9crites. Ces conditions d\u2019utilisation sont susceptibles d\u2019\u00eatre modifi\u00e9es ou compl\u00e9t\u00e9es \u00e0 tout moment, les utilisateurs du site\u00a0<a href=\"https:\/\/www.biotope-environnement.be\">https:\/\/www.biotope-environnement.be<\/a> sont donc invit\u00e9s \u00e0 les consulter de mani\u00e8re r\u00e9guli\u00e8re.<\/p>\n<p>Ce site internet est normalement accessible \u00e0 tout moment aux utilisateurs. Une interruption pour raison de maintenance technique peut \u00eatre toutefois d\u00e9cid\u00e9e par <a href=\"https:\/\/www.biotope-environnement.be\">https:\/\/www.biotope-environnement.be<\/a> qui s\u2019efforcera alors de communiquer pr\u00e9alablement aux utilisateurs les dates et heures de l\u2019intervention.<br \/>\nLe site web\u00a0<a href=\"https:\/\/www.biotope-environnement.be\">https:\/\/www.biotope-environnement.be<\/a>\u00a0est mis \u00e0 jour r\u00e9guli\u00e8rement, de la m\u00eame fa\u00e7on, les mentions l\u00e9gales peuvent \u00eatre modifi\u00e9es \u00e0 tout moment : elles s\u2019imposent n\u00e9anmoins \u00e0 l\u2019utilisateur qui est invit\u00e9 \u00e0 s\u2019y r\u00e9f\u00e9rer le plus souvent possible afin d\u2019en prendre connaissance.<\/p>\n<h6><strong>DESCRIPTION DES SERVICES FOURNIS<\/strong><\/h6>\n<p>Le site Internet\u00a0<a href=\"https:\/\/www.biotope-environnement.be\">https:\/\/www.biotope-environnement.be<\/a>\u00a0a pour objet de fournir une information concernant l\u2019ensemble des activit\u00e9s de la soci\u00e9t\u00e9.<br \/>\n<a href=\"https:\/\/www.biotope-environnement.be\">https:\/\/www.biotope-environnement.be<\/a> s\u2019efforce de fournir\u00a0des informations aussi pr\u00e9cises que possible. Toutefois, il ne pourra \u00eatre tenu responsable des oublis, des inexactitudes et des carences dans la mise \u00e0 jour, qu\u2019elles soient de son fait ou du fait des tiers partenaires qui lui fournissent ces informations.<\/p>\n<p>Toutes les informations indiqu\u00e9es sur le site\u00a0<a href=\"https:\/\/www.biotope-environnement.be\">https:\/\/www.biotope-environnement.be<\/a>\u00a0sont donn\u00e9es \u00e0 titre indicatif, et sont susceptibles d\u2019\u00e9voluer. Par ailleurs, les renseignements figurant sur le site \u00a0<a href=\"https:\/\/www.biotope-environnement.be\">https:\/\/www.biotope-environnement.be<\/a>\u00a0ne sont pas exhaustifs. Ils sont donn\u00e9s sous r\u00e9serve de modifications ayant \u00e9t\u00e9 apport\u00e9es depuis leur mise en ligne.<\/p>\n<h6><strong>LIMITATION CONTRACTUELLES SUR LES DONN\u00c9ES TECHNIQUES<\/strong><\/h6>\n<p>Le site utilise la technologie JavaScript.<\/p>\n<p>Le site Internet ne pourra \u00eatre tenu responsable de dommages mat\u00e9riels li\u00e9s \u00e0 l\u2019utilisation du site. De plus, l\u2019utilisateur du site s\u2019engage \u00e0 acc\u00e9der au site en utilisant un mat\u00e9riel r\u00e9cent, ne contenant pas de virus et avec un navigateur de derni\u00e8re g\u00e9n\u00e9ration mis-\u00e0-jour.<br \/>\nLe site\u00a0\u00a0<a href=\"https:\/\/www.biotope-environnement.be\">https:\/\/www.biotope-environnement.be<\/a> est h\u00e9berg\u00e9 chez un prestataire sur le territoire de l\u2019Union Europ\u00e9enne conform\u00e9ment aux dispositions du R\u00e8glement G\u00e9n\u00e9ral sur la Protection des Donn\u00e9es (RGPD\u00a0: n\u00b0 2016-679).<\/p>\n<p>L\u2019objectif est d\u2019apporter une prestation qui assure le meilleur taux d\u2019accessibilit\u00e9. L\u2019h\u00e9bergeur assure la continuit\u00e9 de son service 24 heures sur 24, tous les jours de l\u2019ann\u00e9e. Il se r\u00e9serve n\u00e9anmoins la possibilit\u00e9 d\u2019interrompre le service d\u2019h\u00e9bergement pour les dur\u00e9es les plus courtes possibles notamment \u00e0 des fins de maintenance, d\u2019am\u00e9lioration de ses infrastructures, de d\u00e9faillance de ses infrastructures ou si les Prestations et Services g\u00e9n\u00e8rent un trafic r\u00e9put\u00e9 anormal.<\/p>\n<p><a href=\"https:\/\/www.biotope-environnement.be\">https:\/\/www.biotope-environnement.be<\/a> et l\u2019h\u00e9bergeur ne pourront \u00eatre tenus responsables en cas de dysfonctionnement du r\u00e9seau Internet, des lignes t\u00e9l\u00e9phoniques ou du mat\u00e9riel informatique et de t\u00e9l\u00e9phonie li\u00e9e notamment \u00e0 l\u2019encombrement du r\u00e9seau emp\u00eachant l\u2019acc\u00e8s au serveur.<\/p>\n<h6><strong>PROPRI\u00c9T\u00c9 INTELLECTUELLE ET CONTREFACONS<\/strong><\/h6>\n<p><a href=\"https:\/\/www.biotope-environnement.be\">https:\/\/www.biotope-environnement.be<\/a> est propri\u00e9taire des droits de propri\u00e9t\u00e9 intellectuelle et d\u00e9tient les droits d\u2019usage sur tous les \u00e9l\u00e9ments accessibles sur le site Internet, notamment les textes, images, images anim\u00e9es, sons, les savoir-faire, les programmes et logiciels, graphismes, logos, vid\u00e9os, ic\u00f4nes et sons.<br \/>\nToute reproduction, repr\u00e9sentation, modification, publication, adaptation de tout ou partie des \u00e9l\u00e9ments du site, quel que soit le moyen ou le proc\u00e9d\u00e9 utilis\u00e9, est interdite, sauf autorisation \u00e9crite pr\u00e9alable de :\u00a0\u00a0<a href=\"https:\/\/www.biotope-environnement.be\">https:\/\/www.biotope-environnement.be<\/a><\/p>\n<p>Les marques, noms commerciaux et logos figurant sur ce site sont des marques d\u00e9pos\u00e9es de Biotope Environnement sauf mention contraire. Toute reproduction totale ou partielle des marques ou logos, effectu\u00e9e \u00e0 partir des \u00e9l\u00e9ments du site, sans l\u2019autorisation expresse de Biotope Environnement est donc prohib\u00e9e.<\/p>\n<p>Toute exploitation non autoris\u00e9e du site ou de l\u2019un quelconque des \u00e9l\u00e9ments qu\u2019il contient sera consid\u00e9r\u00e9e comme constitutive d\u2019une contrefa\u00e7on et poursuivie conform\u00e9ment aux dispositions des articles L.335-2 et suivants du Code de Propri\u00e9t\u00e9 Intellectuelle.<\/p>\n<p>Malgr\u00e9 les soins apport\u00e9s par Biotope Environnement les informations contenues dans ce site sont donn\u00e9es \u00e0 titre indicatif et sont sujettes \u00e0 changement sans pr\u00e9avis. En cons\u00e9quence, l\u2019utilisateur reconna\u00eet utiliser ces informations sous sa responsabilit\u00e9 exclusive. Il accepte les pr\u00e9sentes conditions d\u2019utilisation. Tout litige portant sur l\u2019interpr\u00e9tation ou l\u2019ex\u00e9cution des pr\u00e9sentes conditions sera de la comp\u00e9tence exclusive des Tribunaux belges faisant application de la loi belge.<\/p>\n<p>L\u2019acc\u00e8s au site vous conf\u00e8re un droit d\u2019usage priv\u00e9, non collectif et non exclusif sur le contenu dudit site. Ce droit d\u2019utilisation s\u2019entend uniquement d\u2019un usage strictement priv\u00e9.<br \/>\nSi vous souhaitez faire un usage commercial des informations figurant sur ce site, il convient de solliciter un accord express de notre part. Pour ce faire, envoyez-nous un courriel \u00e0 l\u2019adresse suivante : <a href=\"mailto:contact@biotope-environnement.be\">contact@biotope-environnement.be<\/a><\/p>\n<p>Nous vous rappelons que la violation de l\u2019un des droits d\u2019auteur de l\u2019\u00e9diteur ou des auteurs de ce site constitue un d\u00e9lit de contrefa\u00e7on.<\/p>\n<h6><strong>LIMITATION DE RESPONSABILIT\u00c9<\/strong><\/h6>\n<p>Vous \u00eates seul responsable des dommages et pr\u00e9judices, directs ou indirects, mat\u00e9riels ou immat\u00e9riels d\u00e8s lors qu\u2019ils auraient pour cause, fondement ou origine un usage du site par vous-m\u00eame ou par toute personne autoris\u00e9e par vous \u00e0 utiliser ce site. Par usage, il convient d\u2019entendre tout usage du site quel qu\u2019il soit, frauduleux ou non frauduleux.<\/p>\n<p>A ce titre, vous renoncez \u00e0 toute r\u00e9clamation ou action en justice relative \u00e0 de tels dommages et pr\u00e9judices, sur le fondement de la responsabilit\u00e9 contractuelle de Biotope Environnement en sa qualit\u00e9 d\u2019\u00e9diteur de ce site ou sur tout autre fondement.<\/p>\n<h6><strong>LIENS HYPERTEXTES \u00ab\u00a0COOKIES\u00a0\u00bb ET BALISES INTERNET<\/strong><\/h6>\n<p>Des liens hypertextes peuvent renvoyer vers d\u2019autres sites internet que le site <a href=\"https:\/\/www.biotope-environnement.be\">www.biotope-environnement.be<\/a>. En cliquant sur ces liens, vous quittez le site et aboutissez ainsi sur des sites sur lesquels Biotope n\u2019exerce aucun contr\u00f4le. En cons\u00e9quence, cette derni\u00e8re d\u00e9gage toute responsabilit\u00e9 dans le cas o\u00f9 le contenu de ces sites contreviendrait aux dispositions l\u00e9gales et r\u00e9glementaires en vigueur.<\/p>\n<p>Sauf si vous d\u00e9cidez de d\u00e9sactiver les cookies, vous acceptez que le site puisse les utiliser. Vous pouvez \u00e0 tout moment d\u00e9sactiver ces cookies et ce gratuitement \u00e0 partir des possibilit\u00e9s de d\u00e9sactivation qui vous sont offertes et rappel\u00e9es ci-apr\u00e8s, sachant que cela peut r\u00e9duire ou emp\u00eacher l\u2019accessibilit\u00e9 \u00e0 tout ou partie des Services propos\u00e9s par le site. La liste des cookies pr\u00e9sent sur le site \u00a0<a href=\"https:\/\/www.biotope-environnement.be\">https:\/\/www.biotope-environnement.be<\/a> est pr\u00e9sent\u00e9 sur cette page\u00a0: <a href=\"https:\/\/www.biotope.fr\/politique-de-confidentialite\/\">https:\/\/www.biotope.fr\/politique-de-confidentialite\/<\/a><\/p>\n<h6><strong>LITIGES<\/strong><\/h6>\n<p>En cas de litige, le droit applicable est le droit belge. Comp\u00e9tence territoriale est donn\u00e9e aux juridictions dont d\u00e9pend le si\u00e8ge social de Biotope Environnement.[\/vc_column_text][\/vc_column][\/vc_row]<\/p>\n<\/div>","protected":false},"excerpt":{"rendered":"<p>[vc_row css_animation=\u00a0\u00bb\u00a0\u00bb row_type=\u00a0\u00bbrow\u00a0\u00bb use_row_as_full_screen_section=\u00a0\u00bbno\u00a0\u00bb type=\u00a0\u00bbfull_width\u00a0\u00bb angled_section=\u00a0\u00bbno\u00a0\u00bb text_align=\u00a0\u00bbleft\u00a0\u00bb background_image_as_pattern=\u00a0\u00bbwithout_pattern\u00a0\u00bb][vc_column][vc_column_text] Mentions l\u00e9gales et conditions g\u00e9n\u00e9rales d&rsquo;utilisation &nbsp; PR\u00c9SENTATION DU SITE INTERNET En vertu de l\u2019article 6 de la loi n\u00b0 2004-575 du 21 juin 2004 pour la confiance dans l\u2019\u00e9conomie num\u00e9rique, il est pr\u00e9cis\u00e9 aux utilisateurs du&#8230;<\/p>\n","protected":false},"author":1,"featured_media":0,"parent":0,"menu_order":0,"comment_status":"closed","ping_status":"closed","template":"","meta":{"footnotes":""},"class_list":["post-313","page","type-page","status-publish","hentry"],"yoast_head":"<!-- This site is optimized with the Yoast SEO plugin v27.4 - https:\/\/yoast.com\/product\/yoast-seo-wordpress\/ -->\n<title>Mentions l\u00e9gales - Biotope Environnement<\/title>\n<meta name=\"robots\" content=\"index, follow, max-snippet:-1, max-image-preview:large, max-video-preview:-1\" \/>\n<link rel=\"canonical\" href=\"https:\/\/www.biotope-environnement.be\/fr\/mentions-legales\/\" \/>\n<meta property=\"og:locale\" content=\"fr_FR\" \/>\n<meta property=\"og:type\" content=\"article\" \/>\n<meta property=\"og:title\" content=\"Mentions l\u00e9gales - Biotope Environnement\" \/>\n<meta property=\"og:description\" content=\"[vc_row css_animation=\u00a0\u00bb\u00a0\u00bb row_type=\u00a0\u00bbrow\u00a0\u00bb use_row_as_full_screen_section=\u00a0\u00bbno\u00a0\u00bb type=\u00a0\u00bbfull_width\u00a0\u00bb angled_section=\u00a0\u00bbno\u00a0\u00bb text_align=\u00a0\u00bbleft\u00a0\u00bb background_image_as_pattern=\u00a0\u00bbwithout_pattern\u00a0\u00bb][vc_column][vc_column_text] Mentions l\u00e9gales et conditions g\u00e9n\u00e9rales d&rsquo;utilisation &nbsp; PR\u00c9SENTATION DU SITE INTERNET En vertu de l\u2019article 6 de la loi n\u00b0 2004-575 du 21 juin 2004 pour la confiance dans l\u2019\u00e9conomie num\u00e9rique, il est pr\u00e9cis\u00e9 aux utilisateurs du...\" \/>\n<meta property=\"og:url\" content=\"https:\/\/www.biotope-environnement.be\/fr\/mentions-legales\/\" \/>\n<meta property=\"og:site_name\" content=\"Biotope Environnement\" \/>\n<meta property=\"article:modified_time\" content=\"2020-11-12T13:21:40+00:00\" \/>\n<meta name=\"twitter:card\" content=\"summary_large_image\" \/>\n<meta name=\"twitter:label1\" content=\"Dur\u00e9e de lecture estim\u00e9e\" \/>\n\t<meta name=\"twitter:data1\" content=\"7 minutes\" \/>\n<script type=\"application\/ld+json\" class=\"yoast-schema-graph\">{\"@context\":\"https:\\\/\\\/schema.org\",\"@graph\":[{\"@type\":\"WebPage\",\"@id\":\"https:\\\/\\\/www.biotope-environnement.be\\\/fr\\\/mentions-legales\\\/\",\"url\":\"https:\\\/\\\/www.biotope-environnement.be\\\/fr\\\/mentions-legales\\\/\",\"name\":\"Mentions l\u00e9gales - Biotope Environnement\",\"isPartOf\":{\"@id\":\"http:\\\/\\\/www.biotope-environnement.be\\\/nl\\\/#website\"},\"datePublished\":\"2020-06-23T11:25:12+00:00\",\"dateModified\":\"2020-11-12T13:21:40+00:00\",\"breadcrumb\":{\"@id\":\"https:\\\/\\\/www.biotope-environnement.be\\\/fr\\\/mentions-legales\\\/#breadcrumb\"},\"inLanguage\":\"fr-FR\",\"potentialAction\":[{\"@type\":\"ReadAction\",\"target\":[\"https:\\\/\\\/www.biotope-environnement.be\\\/fr\\\/mentions-legales\\\/\"]}]},{\"@type\":\"BreadcrumbList\",\"@id\":\"https:\\\/\\\/www.biotope-environnement.be\\\/fr\\\/mentions-legales\\\/#breadcrumb\",\"itemListElement\":[{\"@type\":\"ListItem\",\"position\":1,\"name\":\"Accueil\",\"item\":\"https:\\\/\\\/www.biotope-environnement.be\\\/fr\\\/\"},{\"@type\":\"ListItem\",\"position\":2,\"name\":\"Mentions l\u00e9gales\"}]},{\"@type\":\"WebSite\",\"@id\":\"http:\\\/\\\/www.biotope-environnement.be\\\/nl\\\/#website\",\"url\":\"http:\\\/\\\/www.biotope-environnement.be\\\/nl\\\/\",\"name\":\"Biotope Environnement\",\"description\":\"La biodiversit\u00e9 au c\u0153ur de vos projets.\",\"publisher\":{\"@id\":\"http:\\\/\\\/www.biotope-environnement.be\\\/nl\\\/#organization\"},\"potentialAction\":[{\"@type\":\"SearchAction\",\"target\":{\"@type\":\"EntryPoint\",\"urlTemplate\":\"http:\\\/\\\/www.biotope-environnement.be\\\/nl\\\/?s={search_term_string}\"},\"query-input\":{\"@type\":\"PropertyValueSpecification\",\"valueRequired\":true,\"valueName\":\"search_term_string\"}}],\"inLanguage\":\"fr-FR\"},{\"@type\":\"Organization\",\"@id\":\"http:\\\/\\\/www.biotope-environnement.be\\\/nl\\\/#organization\",\"name\":\"Biotope Environnement\",\"url\":\"http:\\\/\\\/www.biotope-environnement.be\\\/nl\\\/\",\"logo\":{\"@type\":\"ImageObject\",\"inLanguage\":\"fr-FR\",\"@id\":\"http:\\\/\\\/www.biotope-environnement.be\\\/nl\\\/#\\\/schema\\\/logo\\\/image\\\/\",\"url\":\"https:\\\/\\\/www.biotope-environnement.be\\\/wp-content\\\/uploads\\\/2020\\\/06\\\/Biotope-Environnement_Sf-150.png\",\"contentUrl\":\"https:\\\/\\\/www.biotope-environnement.be\\\/wp-content\\\/uploads\\\/2020\\\/06\\\/Biotope-Environnement_Sf-150.png\",\"width\":150,\"height\":138,\"caption\":\"Biotope Environnement\"},\"image\":{\"@id\":\"http:\\\/\\\/www.biotope-environnement.be\\\/nl\\\/#\\\/schema\\\/logo\\\/image\\\/\"}}]}<\/script>\n<!-- \/ Yoast SEO plugin. -->","yoast_head_json":{"title":"Mentions l\u00e9gales - Biotope Environnement","robots":{"index":"index","follow":"follow","max-snippet":"max-snippet:-1","max-image-preview":"max-image-preview:large","max-video-preview":"max-video-preview:-1"},"canonical":"https:\/\/www.biotope-environnement.be\/fr\/mentions-legales\/","og_locale":"fr_FR","og_type":"article","og_title":"Mentions l\u00e9gales - Biotope Environnement","og_description":"[vc_row css_animation=\u00a0\u00bb\u00a0\u00bb row_type=\u00a0\u00bbrow\u00a0\u00bb use_row_as_full_screen_section=\u00a0\u00bbno\u00a0\u00bb type=\u00a0\u00bbfull_width\u00a0\u00bb angled_section=\u00a0\u00bbno\u00a0\u00bb text_align=\u00a0\u00bbleft\u00a0\u00bb background_image_as_pattern=\u00a0\u00bbwithout_pattern\u00a0\u00bb][vc_column][vc_column_text] Mentions l\u00e9gales et conditions g\u00e9n\u00e9rales d&rsquo;utilisation &nbsp; PR\u00c9SENTATION DU SITE INTERNET En vertu de l\u2019article 6 de la loi n\u00b0 2004-575 du 21 juin 2004 pour la confiance dans l\u2019\u00e9conomie num\u00e9rique, il est pr\u00e9cis\u00e9 aux utilisateurs du...","og_url":"https:\/\/www.biotope-environnement.be\/fr\/mentions-legales\/","og_site_name":"Biotope Environnement","article_modified_time":"2020-11-12T13:21:40+00:00","twitter_card":"summary_large_image","twitter_misc":{"Dur\u00e9e de lecture estim\u00e9e":"7 minutes"},"schema":{"@context":"https:\/\/schema.org","@graph":[{"@type":"WebPage","@id":"https:\/\/www.biotope-environnement.be\/fr\/mentions-legales\/","url":"https:\/\/www.biotope-environnement.be\/fr\/mentions-legales\/","name":"Mentions l\u00e9gales - Biotope Environnement","isPartOf":{"@id":"https:\/\/www.biotope-environnement.be\/nl\/#website"},"datePublished":"2020-06-23T11:25:12+00:00","dateModified":"2020-11-12T13:21:40+00:00","breadcrumb":{"@id":"https:\/\/www.biotope-environnement.be\/fr\/mentions-legales\/#breadcrumb"},"inLanguage":"fr-FR","potentialAction":[{"@type":"ReadAction","target":["https:\/\/www.biotope-environnement.be\/fr\/mentions-legales\/"]}]},{"@type":"BreadcrumbList","@id":"https:\/\/www.biotope-environnement.be\/fr\/mentions-legales\/#breadcrumb","itemListElement":[{"@type":"ListItem","position":1,"name":"Accueil","item":"https:\/\/www.biotope-environnement.be\/fr\/"},{"@type":"ListItem","position":2,"name":"Mentions l\u00e9gales"}]},{"@type":"WebSite","@id":"https:\/\/www.biotope-environnement.be\/nl\/#website","url":"https:\/\/www.biotope-environnement.be\/nl\/","name":"Biotope Environnement","description":"La biodiversit\u00e9 au c\u0153ur de vos projets.","publisher":{"@id":"https:\/\/www.biotope-environnement.be\/nl\/#organization"},"potentialAction":[{"@type":"SearchAction","target":{"@type":"EntryPoint","urlTemplate":"https:\/\/www.biotope-environnement.be\/nl\/?s={search_term_string}"},"query-input":{"@type":"PropertyValueSpecification","valueRequired":true,"valueName":"search_term_string"}}],"inLanguage":"fr-FR"},{"@type":"Organization","@id":"https:\/\/www.biotope-environnement.be\/nl\/#organization","name":"Biotope Environnement","url":"https:\/\/www.biotope-environnement.be\/nl\/","logo":{"@type":"ImageObject","inLanguage":"fr-FR","@id":"https:\/\/www.biotope-environnement.be\/nl\/#\/schema\/logo\/image\/","url":"https:\/\/www.biotope-environnement.be\/wp-content\/uploads\/2020\/06\/Biotope-Environnement_Sf-150.png","contentUrl":"https:\/\/www.biotope-environnement.be\/wp-content\/uploads\/2020\/06\/Biotope-Environnement_Sf-150.png","width":150,"height":138,"caption":"Biotope Environnement"},"image":{"@id":"https:\/\/www.biotope-environnement.be\/nl\/#\/schema\/logo\/image\/"}}]}},"_links":{"self":[{"href":"https:\/\/www.biotope-environnement.be\/fr\/wp-json\/wp\/v2\/pages\/313","targetHints":{"allow":["GET"]}}],"collection":[{"href":"https:\/\/www.biotope-environnement.be\/fr\/wp-json\/wp\/v2\/pages"}],"about":[{"href":"https:\/\/www.biotope-environnement.be\/fr\/wp-json\/wp\/v2\/types\/page"}],"author":[{"embeddable":true,"href":"https:\/\/www.biotope-environnement.be\/fr\/wp-json\/wp\/v2\/users\/1"}],"replies":[{"embeddable":true,"href":"https:\/\/www.biotope-environnement.be\/fr\/wp-json\/wp\/v2\/comments?post=313"}],"version-history":[{"count":0,"href":"https:\/\/www.biotope-environnement.be\/fr\/wp-json\/wp\/v2\/pages\/313\/revisions"}],"wp:attachment":[{"href":"https:\/\/www.biotope-environnement.be\/fr\/wp-json\/wp\/v2\/media?parent=313"}],"curies":[{"name":"wp","href":"https:\/\/api.w.org\/{rel}","templated":true}]}}